{"id":9436,"date":"2022-02-02T10:50:19","date_gmt":"2022-02-02T09:50:19","guid":{"rendered":"https:\/\/www.jaiabristow.com\/?page_id=9436"},"modified":"2026-01-21T12:32:26","modified_gmt":"2026-01-21T11:32:26","slug":"about-me","status":"publish","type":"page","link":"https:\/\/www.jaiabristow.com\/fr\/about-me\/","title":{"rendered":"About Me"},"content":{"rendered":"<p>[vc_row css=\u00a0\u00bb.vc_custom_1620051791344{padding-bottom: 0px !important;background-color: #ffffff !important;background-position: 0 0 !important;background-repeat: no-repeat !important;}\u00a0\u00bb simple_background_color=\u00a0\u00bb#ffffff\u00a0\u00bb][vc_column][vc_row_inner row_content_width=\u00a0\u00bbgrid\u00a0\u00bb css=\u00a0\u00bb.vc_custom_1496845845359{padding-top: 70px !important;}\u00a0\u00bb][vc_column_inner]<div class=\"mkdf-elements-holder   mkdf-one-column  mkdf-responsive-mode-768 \" ><div class=\"mkdf-eh-item    \"  data-item-class=\"mkdf-eh-custom-8823\" data-1280-1600=\"50px 0 0 0\" data-1024-1280=\"50px 0 0 0\" data-768-1024=\"50px 0 0 0\" data-680-768=\"50px 0 0 0\" data-680=\"50px 0 0 0\">\n\t<div class=\"mkdf-eh-item-inner\">\n\t\t<div class=\"mkdf-eh-item-content mkdf-eh-custom-8823\" style=\"padding: 0px 3% 0px 0%\">\n\t\t\t<div class=\"mkdf-section-title-holder  \" style=\"text-align: left\">\n\t<div class=\"mkdf-st-inner\">\n\t\t\t\t\t\t\t<h3 class=\"mkdf-st-title\" style=\"color: #191919\">\n\t\t\t\tSi les questions autour de l\u2019identit\u00e9 sociale et la conscience culturelle t\u2019int\u00e9ressent, tu es au bon endroit!\t\t\t\t<span class=\"mkdf-st-title-mark\" ><\/span>\n\t\t\t<\/h3>\n\t\t\t\t\t\t\t<div class=\"mkdf-st-separator\" style=\"background-color: #c79b5e\"><\/div>\n\t\t\t\t\t\t\t<\/div>\n<\/div>\t\t<\/div>\n\t<\/div>\n<\/div><\/div>[\/vc_column_inner][\/vc_row_inner][\/vc_column][\/vc_row][vc_row css=\u00a0\u00bb.vc_custom_1622019335522{padding-bottom: 10px !important;background-color: #ffffff !important;background-position: 0 0 !important;background-repeat: no-repeat !important;}\u00a0\u00bb simple_background_color=\u00a0\u00bb#ffffff\u00a0\u00bb][vc_column][vc_row_inner row_content_width=\u00a0\u00bbgrid\u00a0\u00bb css=\u00a0\u00bb.vc_custom_1496845845359{padding-top: 70px !important;}\u00a0\u00bb][vc_column_inner width=\u00a0\u00bb1\/2&Prime;]<div class=\"mkdf-elements-holder   mkdf-two-columns  mkdf-responsive-mode-768 \" ><div class=\"mkdf-eh-item    \"  data-item-class=\"mkdf-eh-custom-9539\" data-680-768=\"0px 0% 0px 0%\">\n\t<div class=\"mkdf-eh-item-inner\">\n\t\t<div class=\"mkdf-eh-item-content mkdf-eh-custom-9539\" style=\"padding: 0px 3% 0px 0%\">\n\t\t\t[vc_column_text css=\u00a0\u00bb.vc_custom_1687678596163{padding-top: 10px !important;}\u00a0\u00bb]\n<span class=\"mkdf-dropcaps mkdf-normal\" style=\"color: #005855\">\n\tJ<\/span><span style=\"font-weight: 400;\">e suis une personne qui a toujours eu un mode de vie alternatif. Je suis n\u00e9\u00b7e dans les Himalayas en Inde, j\u2019ai grandi dans un centre de m\u00e9ditation en France et j\u2019ai visit\u00e9 plus de 40 pays ce qui m\u2019a permis de rencontrer une grande vari\u00e9t\u00e9 de personnes d\u2019origines et de cultures diff\u00e9rentes. J\u2019ai aussi v\u00e9cu plusieurs ann\u00e9es \u00e0 Londres o\u00f9 j\u2019\u00e9tais entour\u00e9\u00b7e de personnes queers, polyamoureuses et sex-positives qui m\u2019ont \u00e9norm\u00e9ment appris.<\/span><\/p>\n<p><span style=\"font-weight: 400;\">Ces exp\u00e9riences m\u2019ont permis de continuer \u00e0 m\u2019ouvrir l\u2019esprit aux diff\u00e9rences individuelles et syst\u00e9miques. Etant moi-m\u00eame une personne queer et multiethnique, j\u2019ai toujours \u00e9t\u00e9 conscient\u00b7e d\u2019un ressenti de non-appartenance et de me retrouver entre les cat\u00e9gories: m\u00e9tisse pl\u00fbtot que noir\u00b7e ou blanc\u00b7he; pansexuel\u00b7le plut\u00f4t qu\u2019homo ou h\u00e9t\u00e9ro; non-binaire plut\u00f4t que femme ou homme.<\/span><\/p>\n<p><span style=\"font-weight: 400;\">En 2017, apr\u00e8s avoir eu la mononucl\u00e9ose, j\u2019ai \u00e9t\u00e9 alit\u00e9\u00b7e pendant 15 mois. C\u2019\u00e9tait la troisi\u00e8me fois que j\u2019\u00e9tais alit\u00e9\u00b7e pour une longue p\u00e9riode et j\u2019ai maintenant \u00e9t\u00e9 diagnostiqu\u00e9\u00b7e avec 18 maladies chroniques qui impactent ma vie de tous les jours et contribuent \u00e0 ce sentiment de non-appartenance et d\u2019\u00eatre entre les cat\u00e9gories, handicap\u00e9\u00b7e mais de fa\u00e7on invisible.<\/span>[\/vc_column_text]\t\t<\/div>\n\t<\/div>\n<\/div><\/div>[\/vc_column_inner][vc_column_inner width=\u00a0\u00bb1\/2&Prime;]<div class=\"mkdf-elements-holder   mkdf-one-column  mkdf-responsive-mode-768 \" ><div class=\"mkdf-eh-item    \"  data-item-class=\"mkdf-eh-custom-8167\" data-1280-1600=\"25px 0 0 0\" data-1024-1280=\"25px 0 0 0\" data-768-1024=\"25px 0 0 0\" data-680-768=\"25px 0 0 0\" data-680=\"25px 0 0 0\">\n\t<div class=\"mkdf-eh-item-inner\">\n\t\t<div class=\"mkdf-eh-item-content mkdf-eh-custom-8167\" >\n\t\t\t[vc_single_image image=\u00a0\u00bb9771&Prime; img_size=\u00a0\u00bbfull\u00a0\u00bb css=\u00a0\u00bb.vc_custom_1768995013120{padding-bottom: 0px !important;}\u00a0\u00bb]\t\t<\/div>\n\t<\/div>\n<\/div><\/div>[\/vc_column_inner][\/vc_row_inner][\/vc_column][\/vc_row][vc_row css=\u00a0\u00bb.vc_custom_1630317039998{padding-bottom: 0px !important;background-color: #ffffff !important;background-position: 0 0 !important;background-repeat: no-repeat !important;}\u00a0\u00bb simple_background_color=\u00a0\u00bb#ffffff\u00a0\u00bb][vc_column][vc_row_inner row_content_width=\u00a0\u00bbgrid\u00a0\u00bb css=\u00a0\u00bb.vc_custom_1496845845359{padding-top: 70px !important;}\u00a0\u00bb][vc_column_inner]<div class=\"mkdf-elements-holder   mkdf-one-column  mkdf-responsive-mode-768 \" ><div class=\"mkdf-eh-item    \"  data-item-class=\"mkdf-eh-custom-3300\" data-680-768=\"0px 0% 0px 0%\">\n\t<div class=\"mkdf-eh-item-inner\">\n\t\t<div class=\"mkdf-eh-item-content mkdf-eh-custom-3300\" style=\"padding: 0px 3% 0px 0%\">\n\t\t\t<div class=\"mkdf-section-title-holder  \" style=\"text-align: left\">\n\t<div class=\"mkdf-st-inner\">\n\t\t\t\t\t\t\t<h3 class=\"mkdf-st-title\" style=\"color: #191919\">\n\t\t\t\tMais je me suis rendu compte que toutes ces exp\u00e9riences me relient \u00e0 de nombreux groupes sociaux diff\u00e9rents, ce qui a inspir\u00e9 la cr\u00e9ation de Beyond Boxes, un podcast et une cha\u00eene youtube sur les \u00e9tiquettes et l\u2019identit\u00e9 et la fa\u00e7on dont on va au-del\u00e0 des cases impos\u00e9es par la soci\u00e9t\u00e9.\t\t\t\t<span class=\"mkdf-st-title-mark\" ><\/span>\n\t\t\t<\/h3>\n\t\t\t\t\t\t\t<div class=\"mkdf-st-separator\" style=\"background-color: #005855\"><\/div>\n\t\t\t\t\t\t\t<\/div>\n<\/div>\t\t<\/div>\n\t<\/div>\n<\/div><\/div>[\/vc_column_inner][\/vc_row_inner][\/vc_column][\/vc_row][vc_row css=\u00a0\u00bb.vc_custom_1630495436241{padding-top: 50px !important;padding-bottom: 150px !important;background-color: #ffffff !important;background-position: 0 0 !important;background-repeat: no-repeat !important;}\u00a0\u00bb simple_background_color=\u00a0\u00bb#ffffff\u00a0\u00bb][vc_column][vc_row_inner row_content_width=\u00a0\u00bbgrid\u00a0\u00bb css=\u00a0\u00bb.vc_custom_1496845845359{padding-top: 70px !important;}\u00a0\u00bb][vc_column_inner width=\u00a0\u00bb1\/2&Prime;]<div class=\"mkdf-elements-holder   mkdf-two-columns  mkdf-responsive-mode-768 \" ><div class=\"mkdf-eh-item    \"  data-item-class=\"mkdf-eh-custom-7984\" data-1280-1600=\"0 0 50px 0\" data-1024-1280=\"0 0 50px 0\" data-768-1024=\"0 0 50px 0\" data-680-768=\"0px 0% 0px 0%0 0 50px 0\" data-680=\"0 0 50px 0\">\n\t<div class=\"mkdf-eh-item-inner\">\n\t\t<div class=\"mkdf-eh-item-content mkdf-eh-custom-7984\" style=\"padding: 0px 3% 0px 0%\">\n\t\t\t[vc_single_image image=\u00a0\u00bb9585&Prime; img_size=\u00a0\u00bbfull\u00a0\u00bb css=\u00a0\u00bb.vc_custom_1688581986530{padding-bottom: 0px !important;}\u00a0\u00bb]\t\t<\/div>\n\t<\/div>\n<\/div><\/div>[\/vc_column_inner][vc_column_inner width=\u00a0\u00bb1\/2&Prime;]<div class=\"mkdf-elements-holder   mkdf-one-column  mkdf-responsive-mode-768 \" ><div class=\"mkdf-eh-item    \"  data-item-class=\"mkdf-eh-custom-3859\">\n\t<div class=\"mkdf-eh-item-inner\">\n\t\t<div class=\"mkdf-eh-item-content mkdf-eh-custom-3859\" >\n\t\t\t[vc_column_text]\n<span class=\"mkdf-dropcaps mkdf-normal\" style=\"color: #c69b5e\">\n\tE<\/span><span style=\"font-weight: 400;\">n 2018, apr\u00e8s avoir pass\u00e9 8 ans \u00e0 travailler en \u00e9v\u00e9nementiel et production TV, cin\u00e9ma, j\u2019ai commenc\u00e9 \u00e0 me former en Communication Nonviolente (CNV) et pendant un stage d\u2019une semaine avec une demi-journ\u00e9e sur le th\u00e8me de pouvoir et privil\u00e8ges, je me suis senti\u00b7e frustr\u00e9\u00b7e et attrist\u00e9\u00b7e que les gens d\u00e9battaient ces sujets de fa\u00e7on intellectuelle sans prendre en compte le fait que la discrimination et l\u2019oppression sont une r\u00e9alit\u00e9 constante pour de nombreuses personnes.<\/span><\/p>\n<p><span style=\"font-weight: 400;\">Quand j\u2019ai \u00e9t\u00e9 invit\u00e9 \u00e0 proposer mon propre atelier, j\u2019ai d\u00e9cid\u00e9 de me focaliser sur le ressenti corporel des pouvoirs, privil\u00e8ges et pr\u00e9jug\u00e9s que l\u2019on a toustes &#8211; envers les autres et soi-m\u00eame &#8211; en utilisant des exercices de centrage, de CNV et de discours conscient. Les participant\u00b7e\u00b7s ont \u00e9t\u00e9 tr\u00e8s touch\u00e9\u00b7e\u00b7s et l\u2019atelier s\u2019est ensuite d\u00e9velopp\u00e9 dans ceux que j&rsquo;offre aujourd&rsquo;hui, ainsi que le programme en ligne <em>The Ripple Effect <\/em>(disponible \u00e0 partir de Septembre 2023, en Fran\u00e7ais).<\/span><\/p>\n<p><span style=\"font-weight: 400;\">Depuis, je continue \u00e0 me poser des questions et m\u2019\u00e9duquer sur les sujets autour de l\u2019identit\u00e9 sociale et la conscience culturelle. En plus des ateliers et cours en pr\u00e9sentiel et en ligne, je propose des interventions en entreprises, des conseils de diversit\u00e9, \u00e9quit\u00e9 et inclusion et j\u2019anime des \u00e9v\u00e9nements en ligne.<\/span>[\/vc_column_text]\t\t<\/div>\n\t<\/div>\n<\/div><\/div>[\/vc_column_inner][\/vc_row_inner][\/vc_column][\/vc_row][vc_row full_width=\u00a0\u00bbstretch_row_content\u00a0\u00bb content_text_aligment=\u00a0\u00bbcenter\u00a0\u00bb css=\u00a0\u00bb.vc_custom_1621600592502{padding-top: 150px !important;padding-bottom: 147px !important;}\u00a0\u00bb parallax_background_image=\u00a0\u00bb8619&Prime; parallax_bg_height=\u00a0\u00bb540&Prime;][vc_column]<div class=\"mkdf-elements-holder   mkdf-one-column  mkdf-responsive-mode-768 \" ><div class=\"mkdf-eh-item    \"  data-item-class=\"mkdf-eh-custom-7725\" data-768-1024=\"0px 0px 147px 0px\" data-680-768=\"0px 0px 147px 0px\" data-680=\"0px 0px 147px 0px\">\n\t<div class=\"mkdf-eh-item-inner\">\n\t\t<div class=\"mkdf-eh-item-content mkdf-eh-custom-7725\" style=\"padding: 0px\">\n\t\t\t<div class=\"mkdf-section-title-holder  \" style=\"text-align: center\">\n\t<div class=\"mkdf-st-inner\">\n\t\t\t\t\t\t\t<h2 class=\"mkdf-st-title\" style=\"color: #ffffff\">\n\t\t\t\tContactez Moi\t\t\t\t<span class=\"mkdf-st-title-mark\" style=\"color: #005856\">.<\/span>\n\t\t\t<\/h2>\n\t\t\t\t\t\t\t<div class=\"mkdf-st-separator\" style=\"background-color: #c79b5e\"><\/div>\n\t\t\t\t\t\t\t<h5 class=\"mkdf-st-subtitle\" style=\"color: #ffffff\">\n\t\t\t\tN'h\u00e9sitez pas \u00e0 me contacter pour toute question, si vous souhaitez travailler avec moi ou \u00eatre invit\u00e9 sur mon podcast.\t\t\t<\/h5>\n\t\t\t\t\t<\/div>\n<\/div>[vc_empty_space height=\u00a0\u00bb40px\u00a0\u00bb][vc_btn title=\u00a0\u00bbContactez-moi\u00a0\u00bb style=\u00a0\u00bbflat\u00a0\u00bb shape=\u00a0\u00bbsquare\u00a0\u00bb size=\u00a0\u00bblg\u00a0\u00bb align=\u00a0\u00bbcenter\u00a0\u00bb link=\u00a0\u00bburl:http%3A%2F%2Fwww.jaiabristow.com%2Fcontact%2F|title:Don%E2%80%99t%20Hesitate\u00a0\u00bb el_class=\u00a0\u00bbcontact-button-parallax\u00a0\u00bb]\t\t<\/div>\n\t<\/div>\n<\/div><\/div>[\/vc_column][\/vc_row]<\/p>\n","protected":false},"excerpt":{"rendered":"<p>[vc_row css=\u00a0\u00bb.vc_custom_1620051791344{padding-bottom: 0px !important;background-color: #ffffff !important;background-position: 0 0 !important;background-repeat: no-repeat !important;}\u00a0\u00bb simple_background_color=\u00a0\u00bb#ffffff\u00a0\u00bb][vc_column][vc_row_inner row_content_width=\u00a0\u00bbgrid\u00a0\u00bb css=\u00a0\u00bb.vc_custom_1496845845359{padding-top: 70px !important;}\u00a0\u00bb][vc_column_inner][\/vc_column_inner][\/vc_row_inner][\/vc_column][\/vc_row][vc_row css=\u00a0\u00bb.vc_custom_1622019335522{padding-bottom: 10px !important;background-color: #ffffff !important;background-position: 0 0 !important;background-repeat: no-repeat !important;}\u00a0\u00bb simple_background_color=\u00a0\u00bb#ffffff\u00a0\u00bb][vc_column][vc_row_inner row_content_width=\u00a0\u00bbgrid\u00a0\u00bb css=\u00a0\u00bb.vc_custom_1496845845359{padding-top: 70px !important;}\u00a0\u00bb][vc_column_inner width=\u00a0\u00bb1\/2&Prime;][\/vc_column_inner][vc_column_inner width=\u00a0\u00bb1\/2&Prime;][\/vc_column_inner][\/vc_row_inner][\/vc_column][\/vc_row][vc_row css=\u00a0\u00bb.vc_custom_1630317039998{padding-bottom: 0px !important;background-color: #ffffff !important;background-position: 0 0 [&hellip;]<\/p>\n","protected":false},"author":1,"featured_media":0,"parent":0,"menu_order":0,"comment_status":"closed","ping_status":"closed","template":"full-width.php","meta":{"_mo_disable_npp":"","footnotes":""},"class_list":["post-9436","page","type-page","status-publish","hentry"],"yoast_head":"<!-- This site is optimized with the Yoast SEO plugin v27.5 - https:\/\/yoast.com\/product\/yoast-seo-wordpress\/ -->\n<title>About Me - Ja\u00ef Bristow<\/title>\n<meta name=\"description\" content=\"Coach et facilitateur queer, multiethnique qui m\u00e8ne des ateliers sur le pouvoir, les privil\u00e8ges, les pr\u00e9jug\u00e9s et les oppression syst\u00e9miques\" \/>\n<meta name=\"robots\" content=\"index, follow, max-snippet:-1, max-image-preview:large, max-video-preview:-1\" \/>\n<link rel=\"canonical\" href=\"https:\/\/www.jaiabristow.com\/fr\/about-me\/\" \/>\n<meta property=\"og:locale\" content=\"fr_FR\" \/>\n<meta property=\"og:type\" content=\"article\" \/>\n<meta property=\"og:title\" content=\"About Me - Ja\u00ef Bristow\" \/>\n<meta property=\"og:description\" content=\"Coach et facilitateur queer, multiethnique qui m\u00e8ne des ateliers sur le pouvoir, les privil\u00e8ges, les pr\u00e9jug\u00e9s et les oppression syst\u00e9miques\" \/>\n<meta property=\"og:url\" content=\"https:\/\/www.jaiabristow.com\/fr\/about-me\/\" \/>\n<meta property=\"og:site_name\" content=\"Ja\u00ef Bristow\" \/>\n<meta property=\"article:modified_time\" content=\"2026-01-21T11:32:26+00:00\" \/>\n<meta name=\"twitter:card\" content=\"summary_large_image\" \/>\n<meta name=\"twitter:label1\" content=\"Dur\u00e9e de lecture estim\u00e9e\" \/>\n\t<meta name=\"twitter:data1\" content=\"4 minutes\" \/>\n<script type=\"application\/ld+json\" class=\"yoast-schema-graph\">{\"@context\":\"https:\\\/\\\/schema.org\",\"@graph\":[{\"@type\":\"WebPage\",\"@id\":\"https:\\\/\\\/www.jaiabristow.com\\\/fr\\\/about-me\\\/\",\"url\":\"https:\\\/\\\/www.jaiabristow.com\\\/fr\\\/about-me\\\/\",\"name\":\"About Me - Ja\u00ef Bristow\",\"isPartOf\":{\"@id\":\"https:\\\/\\\/www.jaiabristow.com\\\/fr\\\/#website\"},\"datePublished\":\"2022-02-02T09:50:19+00:00\",\"dateModified\":\"2026-01-21T11:32:26+00:00\",\"description\":\"Coach et facilitateur queer, multiethnique qui m\u00e8ne des ateliers sur le pouvoir, les privil\u00e8ges, les pr\u00e9jug\u00e9s et les oppression syst\u00e9miques\",\"breadcrumb\":{\"@id\":\"https:\\\/\\\/www.jaiabristow.com\\\/fr\\\/about-me\\\/#breadcrumb\"},\"inLanguage\":\"fr-FR\",\"potentialAction\":[{\"@type\":\"ReadAction\",\"target\":[\"https:\\\/\\\/www.jaiabristow.com\\\/fr\\\/about-me\\\/\"]}]},{\"@type\":\"BreadcrumbList\",\"@id\":\"https:\\\/\\\/www.jaiabristow.com\\\/fr\\\/about-me\\\/#breadcrumb\",\"itemListElement\":[{\"@type\":\"ListItem\",\"position\":1,\"name\":\"Accueil\",\"item\":\"https:\\\/\\\/www.jaiabristow.com\\\/fr\\\/\"},{\"@type\":\"ListItem\",\"position\":2,\"name\":\"About Me\"}]},{\"@type\":\"WebSite\",\"@id\":\"https:\\\/\\\/www.jaiabristow.com\\\/fr\\\/#website\",\"url\":\"https:\\\/\\\/www.jaiabristow.com\\\/fr\\\/\",\"name\":\"Ja\u00ef Bristow\",\"description\":\"\",\"potentialAction\":[{\"@type\":\"SearchAction\",\"target\":{\"@type\":\"EntryPoint\",\"urlTemplate\":\"https:\\\/\\\/www.jaiabristow.com\\\/fr\\\/?s={search_term_string}\"},\"query-input\":{\"@type\":\"PropertyValueSpecification\",\"valueRequired\":true,\"valueName\":\"search_term_string\"}}],\"inLanguage\":\"fr-FR\"}]}<\/script>\n<!-- \/ Yoast SEO plugin. -->","yoast_head_json":{"title":"About Me - Ja\u00ef Bristow","description":"Coach et facilitateur queer, multiethnique qui m\u00e8ne des ateliers sur le pouvoir, les privil\u00e8ges, les pr\u00e9jug\u00e9s et les oppression syst\u00e9miques","robots":{"index":"index","follow":"follow","max-snippet":"max-snippet:-1","max-image-preview":"max-image-preview:large","max-video-preview":"max-video-preview:-1"},"canonical":"https:\/\/www.jaiabristow.com\/fr\/about-me\/","og_locale":"fr_FR","og_type":"article","og_title":"About Me - Ja\u00ef Bristow","og_description":"Coach et facilitateur queer, multiethnique qui m\u00e8ne des ateliers sur le pouvoir, les privil\u00e8ges, les pr\u00e9jug\u00e9s et les oppression syst\u00e9miques","og_url":"https:\/\/www.jaiabristow.com\/fr\/about-me\/","og_site_name":"Ja\u00ef Bristow","article_modified_time":"2026-01-21T11:32:26+00:00","twitter_card":"summary_large_image","twitter_misc":{"Dur\u00e9e de lecture estim\u00e9e":"4 minutes"},"schema":{"@context":"https:\/\/schema.org","@graph":[{"@type":"WebPage","@id":"https:\/\/www.jaiabristow.com\/fr\/about-me\/","url":"https:\/\/www.jaiabristow.com\/fr\/about-me\/","name":"About Me - Ja\u00ef Bristow","isPartOf":{"@id":"https:\/\/www.jaiabristow.com\/fr\/#website"},"datePublished":"2022-02-02T09:50:19+00:00","dateModified":"2026-01-21T11:32:26+00:00","description":"Coach et facilitateur queer, multiethnique qui m\u00e8ne des ateliers sur le pouvoir, les privil\u00e8ges, les pr\u00e9jug\u00e9s et les oppression syst\u00e9miques","breadcrumb":{"@id":"https:\/\/www.jaiabristow.com\/fr\/about-me\/#breadcrumb"},"inLanguage":"fr-FR","potentialAction":[{"@type":"ReadAction","target":["https:\/\/www.jaiabristow.com\/fr\/about-me\/"]}]},{"@type":"BreadcrumbList","@id":"https:\/\/www.jaiabristow.com\/fr\/about-me\/#breadcrumb","itemListElement":[{"@type":"ListItem","position":1,"name":"Accueil","item":"https:\/\/www.jaiabristow.com\/fr\/"},{"@type":"ListItem","position":2,"name":"About Me"}]},{"@type":"WebSite","@id":"https:\/\/www.jaiabristow.com\/fr\/#website","url":"https:\/\/www.jaiabristow.com\/fr\/","name":"Ja\u00ef Bristow","description":"","potentialAction":[{"@type":"SearchAction","target":{"@type":"EntryPoint","urlTemplate":"https:\/\/www.jaiabristow.com\/fr\/?s={search_term_string}"},"query-input":{"@type":"PropertyValueSpecification","valueRequired":true,"valueName":"search_term_string"}}],"inLanguage":"fr-FR"}]}},"_links":{"self":[{"href":"https:\/\/www.jaiabristow.com\/fr\/wp-json\/wp\/v2\/pages\/9436","targetHints":{"allow":["GET"]}}],"collection":[{"href":"https:\/\/www.jaiabristow.com\/fr\/wp-json\/wp\/v2\/pages"}],"about":[{"href":"https:\/\/www.jaiabristow.com\/fr\/wp-json\/wp\/v2\/types\/page"}],"author":[{"embeddable":true,"href":"https:\/\/www.jaiabristow.com\/fr\/wp-json\/wp\/v2\/users\/1"}],"replies":[{"embeddable":true,"href":"https:\/\/www.jaiabristow.com\/fr\/wp-json\/wp\/v2\/comments?post=9436"}],"version-history":[{"count":18,"href":"https:\/\/www.jaiabristow.com\/fr\/wp-json\/wp\/v2\/pages\/9436\/revisions"}],"predecessor-version":[{"id":9773,"href":"https:\/\/www.jaiabristow.com\/fr\/wp-json\/wp\/v2\/pages\/9436\/revisions\/9773"}],"wp:attachment":[{"href":"https:\/\/www.jaiabristow.com\/fr\/wp-json\/wp\/v2\/media?parent=9436"}],"curies":[{"name":"wp","href":"https:\/\/api.w.org\/{rel}","templated":true}]}}